{"id":52,"date":"2025-11-13T12:17:36","date_gmt":"2025-11-13T12:17:36","guid":{"rendered":"https:\/\/autentikka.online\/aluno2\/?page_id=52"},"modified":"2026-02-12T16:47:25","modified_gmt":"2026-02-12T16:47:25","slug":"elementor-52","status":"publish","type":"page","link":"https:\/\/handdo.com.br\/aluno2\/","title":{"rendered":"Home"},"content":{"rendered":"\t\t<div data-elementor-type=\"wp-page\" data-elementor-id=\"52\" class=\"elementor elementor-52\">\n\t\t\t\t<div class=\"elementor-element elementor-element-5caf2af e-flex e-con-boxed e-con e-parent\" data-id=\"5caf2af\" data-element_type=\"container\">\n\t\t\t\t\t<div class=\"e-con-inner\">\n\t\t\t\t<div class=\"elementor-element elementor-element-fc7e332 elementor-widget elementor-widget-heading\" data-id=\"fc7e332\" data-element_type=\"widget\" data-widget_type=\"heading.default\">\n\t\t\t\t\t<h2 class=\"elementor-heading-title elementor-size-default\">O pulo do gato<\/h2>\t\t\t\t<\/div>\n\t\t\t\t\t<\/div>\n\t\t\t\t<\/div>\n\t\t<div class=\"elementor-element elementor-element-f68779d e-flex e-con-boxed e-con e-parent\" data-id=\"f68779d\" data-element_type=\"container\">\n\t\t\t\t\t<div class=\"e-con-inner\">\n\t\t\t\t<div class=\"elementor-element elementor-element-8d353d9 elementor-widget elementor-widget-image\" data-id=\"8d353d9\" data-element_type=\"widget\" data-widget_type=\"image.default\">\n\t\t\t\t\t\t\t\t\t\t\t\t\t\t\t<img decoding=\"async\" src=\"https:\/\/handdo.com.br\/aluno2\/wp-content\/uploads\/2025\/11\/banner.jpg\" title=\"banner\" alt=\"banner\" loading=\"lazy\" \/>\t\t\t\t\t\t\t\t\t\t\t\t\t\t\t<\/div>\n\t\t\t\t\t<\/div>\n\t\t\t\t<\/div>\n\t\t<div class=\"elementor-element elementor-element-7dbb381 e-grid e-con-boxed e-con e-parent\" data-id=\"7dbb381\" data-element_type=\"container\">\n\t\t\t\t\t<div class=\"e-con-inner\">\n\t\t\t\t<div class=\"elementor-element elementor-element-38943e9 elementor-position-top elementor-widget elementor-widget-image-box\" data-id=\"38943e9\" data-element_type=\"widget\" data-widget_type=\"image-box.default\">\n\t\t\t\t\t<div class=\"elementor-image-box-wrapper\"><figure class=\"elementor-image-box-img\"><img fetchpriority=\"high\" decoding=\"async\" width=\"552\" height=\"673\" src=\"https:\/\/handdo.com.br\/aluno2\/wp-content\/uploads\/2025\/11\/racao_1.png\" class=\"attachment-full size-full wp-image-64\" alt=\"\" srcset=\"https:\/\/handdo.com.br\/aluno2\/wp-content\/uploads\/2025\/11\/racao_1.png 552w, https:\/\/handdo.com.br\/aluno2\/wp-content\/uploads\/2025\/11\/racao_1-246x300.png 246w\" sizes=\"(max-width: 552px) 100vw, 552px\" \/><\/figure><div class=\"elementor-image-box-content\"><h3 class=\"elementor-image-box-title\">Ra\u00e7\u00e3o \u00damida Pugato Sach\u00ea, Frango ao Molho para Gatos Adutos<\/h3><p class=\"elementor-image-box-description\">-Refei\u00e7\u00e7ao completa e ba\u00e7anceada, -Suculentos pedacinhos cozinhados a vapor<br>23.99<\/p><\/div><\/div>\t\t\t\t<\/div>\n\t\t\t\t<div class=\"elementor-element elementor-element-8e091ec elementor-position-top elementor-widget elementor-widget-image-box\" data-id=\"8e091ec\" data-element_type=\"widget\" data-widget_type=\"image-box.default\">\n\t\t\t\t\t<div class=\"elementor-image-box-wrapper\"><figure class=\"elementor-image-box-img\"><img fetchpriority=\"high\" decoding=\"async\" width=\"552\" height=\"673\" src=\"https:\/\/handdo.com.br\/aluno2\/wp-content\/uploads\/2025\/11\/racao_1.png\" class=\"attachment-full size-full wp-image-64\" alt=\"\" srcset=\"https:\/\/handdo.com.br\/aluno2\/wp-content\/uploads\/2025\/11\/racao_1.png 552w, https:\/\/handdo.com.br\/aluno2\/wp-content\/uploads\/2025\/11\/racao_1-246x300.png 246w\" sizes=\"(max-width: 552px) 100vw, 552px\" \/><\/figure><div class=\"elementor-image-box-content\"><h3 class=\"elementor-image-box-title\">Ra\u00e7\u00e3o \u00damida Pugato Sach\u00ea, Frango ao Molho para Gatos Adultos<\/h3><p class=\"elementor-image-box-description\">- Refei\u00e7\u00e3o completa e balanceada;\n- Suculentos pedacinhos cozidos a vapor<br>23.99<\/p><\/div><\/div>\t\t\t\t<\/div>\n\t\t\t\t\t<\/div>\n\t\t\t\t<\/div>\n\t\t<div class=\"elementor-element elementor-element-e3f7ac2 e-flex e-con-boxed e-con e-parent\" data-id=\"e3f7ac2\" data-element_type=\"container\">\n\t\t\t\t\t<div class=\"e-con-inner\">\n\t\t\t\t<div class=\"elementor-element elementor-element-e1d2211 elementor-align-center elementor-widget elementor-widget-button\" data-id=\"e1d2211\" data-element_type=\"widget\" data-widget_type=\"button.default\">\n\t\t\t\t\t\t\t\t\t\t<a class=\"elementor-button elementor-button-link elementor-size-sm\" href=\"https:\/\/handdo.com.br\/aluno2\/elementor-127\/\">\n\t\t\t\t\t\t<span class=\"elementor-button-content-wrapper\">\n\t\t\t\t\t\t\t\t\t<span class=\"elementor-button-text\">Mais ra\u00e7\u00f5es<\/span>\n\t\t\t\t\t<\/span>\n\t\t\t\t\t<\/a>\n\t\t\t\t\t\t\t\t<\/div>\n\t\t\t\t\t<\/div>\n\t\t\t\t<\/div>\n\t\t<div class=\"elementor-element elementor-element-fd23917 e-flex e-con-boxed e-con e-parent\" data-id=\"fd23917\" data-element_type=\"container\">\n\t\t\t\t\t<div class=\"e-con-inner\">\n\t\t\t\t<div class=\"elementor-element elementor-element-12375af elementor-widget elementor-widget-image-box\" data-id=\"12375af\" data-element_type=\"widget\" data-widget_type=\"image-box.default\">\n\t\t\t\t\t<div class=\"elementor-image-box-wrapper\"><div class=\"elementor-image-box-content\"><h3 class=\"elementor-image-box-title\">O Pulo do Gato - Petiscos<\/h3><\/div><\/div>\t\t\t\t<\/div>\n\t\t\t\t\t<\/div>\n\t\t\t\t<\/div>\n\t\t<div class=\"elementor-element elementor-element-cc9fedd e-flex e-con-boxed e-con e-parent\" data-id=\"cc9fedd\" data-element_type=\"container\">\n\t\t\t\t\t<div class=\"e-con-inner\">\n\t\t\t\t<div class=\"elementor-element elementor-element-8e0cbc3 elementor-position-top elementor-widget elementor-widget-image-box\" data-id=\"8e0cbc3\" data-element_type=\"widget\" data-widget_type=\"image-box.default\">\n\t\t\t\t\t<div class=\"elementor-image-box-wrapper\"><figure class=\"elementor-image-box-img\"><img decoding=\"async\" width=\"800\" height=\"397\" src=\"https:\/\/handdo.com.br\/aluno2\/wp-content\/uploads\/2025\/11\/petiscos_1.png\" class=\"attachment-full size-full wp-image-84\" alt=\"\" srcset=\"https:\/\/handdo.com.br\/aluno2\/wp-content\/uploads\/2025\/11\/petiscos_1.png 800w, https:\/\/handdo.com.br\/aluno2\/wp-content\/uploads\/2025\/11\/petiscos_1-300x149.png 300w, https:\/\/handdo.com.br\/aluno2\/wp-content\/uploads\/2025\/11\/petiscos_1-768x381.png 768w, https:\/\/handdo.com.br\/aluno2\/wp-content\/uploads\/2025\/11\/petiscos_1-600x298.png 600w\" sizes=\"(max-width: 800px) 100vw, 800px\" \/><\/figure><div class=\"elementor-image-box-content\"><p class=\"elementor-image-box-description\">Petisco Pugato Saborosos Anti Bola de Pelo<\/p><\/div><\/div>\t\t\t\t<\/div>\n\t\t\t\t\t<\/div>\n\t\t\t\t<\/div>\n\t\t<div class=\"elementor-element elementor-element-e1f4b67 e-flex e-con-boxed e-con e-parent\" data-id=\"e1f4b67\" data-element_type=\"container\">\n\t\t\t\t\t<div class=\"e-con-inner\">\n\t\t\t\t<div class=\"elementor-element elementor-element-61f9f20 elementor-widget elementor-widget-heading\" data-id=\"61f9f20\" data-element_type=\"widget\" data-widget_type=\"heading.default\">\n\t\t\t\t\t<h2 class=\"elementor-heading-title elementor-size-default\">Melhores arranhadores <\/h2>\t\t\t\t<\/div>\n\t\t\t\t\t<\/div>\n\t\t\t\t<\/div>\n\t\t<div class=\"elementor-element elementor-element-0e04fac e-con-full e-flex e-con e-parent\" data-id=\"0e04fac\" data-element_type=\"container\">\n\t\t<div class=\"elementor-element elementor-element-39cc91d e-con-full e-flex e-con e-child\" data-id=\"39cc91d\" data-element_type=\"container\">\n\t\t\t\t<div class=\"elementor-element elementor-element-43c1736 elementor-widget elementor-widget-image\" data-id=\"43c1736\" data-element_type=\"widget\" data-widget_type=\"image.default\">\n\t\t\t\t\t\t\t\t\t\t\t\t<figure class=\"wp-caption\">\n\t\t\t\t\t\t\t\t\t\t<img decoding=\"async\" width=\"225\" height=\"225\" src=\"https:\/\/handdo.com.br\/aluno2\/wp-content\/uploads\/2026\/01\/usar-no-site-opulo-do-gato2.jpg\" class=\"attachment-full size-full wp-image-304\" alt=\"\" srcset=\"https:\/\/handdo.com.br\/aluno2\/wp-content\/uploads\/2026\/01\/usar-no-site-opulo-do-gato2.jpg 225w, https:\/\/handdo.com.br\/aluno2\/wp-content\/uploads\/2026\/01\/usar-no-site-opulo-do-gato2-150x150.jpg 150w, https:\/\/handdo.com.br\/aluno2\/wp-content\/uploads\/2026\/01\/usar-no-site-opulo-do-gato2-100x100.jpg 100w\" sizes=\"(max-width: 225px) 100vw, 225px\" \/>\t\t\t\t\t\t\t\t\t\t\t<figcaption class=\"widget-image-caption wp-caption-text\">Aranhador para gato duo square cat tamanho 2 por apenas<\/figcaption>\n\t\t\t\t\t\t\t\t\t\t<\/figure>\n\t\t\t\t\t\t\t\t\t<\/div>\n\t\t\t\t<div class=\"elementor-element elementor-element-6cc661f elementor-widget elementor-widget-text-editor\" data-id=\"6cc661f\" data-element_type=\"widget\" data-widget_type=\"text-editor.default\">\n\t\t\t\t\t\t\t\t\t<p>R$52,99<\/p><p>\u00c9 barato de mais:)<\/p>\t\t\t\t\t\t\t\t<\/div>\n\t\t\t\t<\/div>\n\t\t<div class=\"elementor-element elementor-element-8eaac66 e-con-full e-flex e-con e-child\" data-id=\"8eaac66\" data-element_type=\"container\">\n\t\t\t\t<div class=\"elementor-element elementor-element-4df427d elementor-widget elementor-widget-image\" data-id=\"4df427d\" data-element_type=\"widget\" data-widget_type=\"image.default\">\n\t\t\t\t\t\t\t\t\t\t\t\t<figure class=\"wp-caption\">\n\t\t\t\t\t\t\t\t\t\t<img decoding=\"async\" src=\"https:\/\/handdo.com.br\/aluno2\/wp-content\/uploads\/2026\/01\/para-curso.jpg\" title=\"para curso\" alt=\"para curso\" loading=\"lazy\" \/>\t\t\t\t\t\t\t\t\t\t\t<figcaption class=\"widget-image-caption wp-caption-text\">Briquedo arranhado rendodo de pelucia G S\u00e3o pet para gatos<\/figcaption>\n\t\t\t\t\t\t\t\t\t\t<\/figure>\n\t\t\t\t\t\t\t\t\t<\/div>\n\t\t\t\t<div class=\"elementor-element elementor-element-7373a6a elementor-widget elementor-widget-text-editor\" data-id=\"7373a6a\" data-element_type=\"widget\" data-widget_type=\"text-editor.default\">\n\t\t\t\t\t\t\t\t\t<p>112,95<\/p><p>\u00c9 barato de mais:)<\/p>\t\t\t\t\t\t\t\t<\/div>\n\t\t\t\t<\/div>\n\t\t\t\t<\/div>\n\t\t<div class=\"elementor-element elementor-element-b56508e e-flex e-con-boxed e-con e-parent\" data-id=\"b56508e\" data-element_type=\"container\">\n\t\t\t\t\t<div class=\"e-con-inner\">\n\t\t\t\t<div class=\"elementor-element elementor-element-285f1ec elementor-widget elementor-widget-heading\" data-id=\"285f1ec\" data-element_type=\"widget\" data-widget_type=\"heading.default\">\n\t\t\t\t\t<h2 class=\"elementor-heading-title elementor-size-default\">Nosso WhatsApp<\/h2>\t\t\t\t<\/div>\n\t\t\t\t\t<\/div>\n\t\t\t\t<\/div>\n\t\t<div class=\"elementor-element elementor-element-d31353b e-flex e-con-boxed e-con e-parent\" data-id=\"d31353b\" data-element_type=\"container\">\n\t\t\t\t\t<div class=\"e-con-inner\">\n\t\t\t\t<div class=\"elementor-element elementor-element-5c6cd61 elementor-widget elementor-widget-heading\" data-id=\"5c6cd61\" data-element_type=\"widget\" data-widget_type=\"heading.default\">\n\t\t\t\t\t<h2 class=\"elementor-heading-title elementor-size-default\"><a href=\"https:\/\/wa.me\/554196726390\/\">(+55) 41 99672-9390<\/a><\/h2>\t\t\t\t<\/div>\n\t\t\t\t\t<\/div>\n\t\t\t\t<\/div>\n\t\t<div class=\"elementor-element elementor-element-1891551 e-flex e-con-boxed e-con e-parent\" data-id=\"1891551\" data-element_type=\"container\">\n\t\t\t\t\t<div class=\"e-con-inner\">\n\t\t\t\t<div class=\"elementor-element elementor-element-b279ad6 elementor-widget elementor-widget-image\" data-id=\"b279ad6\" data-element_type=\"widget\" data-widget_type=\"image.default\">\n\t\t\t\t\t\t\t\t\t\t\t\t\t\t\t<img decoding=\"async\" src=\"https:\/\/handdo.com.br\/aluno2\/wp-content\/uploads\/2025\/11\/banner_footer-1.jpg\" title=\"banner_footer\" alt=\"banner_footer\" loading=\"lazy\" \/>\t\t\t\t\t\t\t\t\t\t\t\t\t\t\t<\/div>\n\t\t\t\t<div class=\"elementor-element elementor-element-a95e57d elementor-widget elementor-widget-heading\" data-id=\"a95e57d\" data-element_type=\"widget\" data-widget_type=\"heading.default\">\n\t\t\t\t\t<h2 class=\"elementor-heading-title elementor-size-default\">contato@opulodogato.com.br\n<\/h2>\t\t\t\t<\/div>\n\t\t\t\t\t<\/div>\n\t\t\t\t<\/div>\n\t\t\t\t<\/div>\n\t\t","protected":false},"excerpt":{"rendered":"<p>O pulo do gato Ra\u00e7\u00e3o \u00damida Pugato Sach\u00ea, Frango ao Molho para Gatos Adutos -Refei\u00e7\u00e7ao completa e ba\u00e7anceada, -Suculentos pedacinhos [&hellip;]<\/p>\n","protected":false},"author":3,"featured_media":0,"parent":0,"menu_order":0,"comment_status":"closed","ping_status":"closed","template":"","meta":{"site-sidebar-layout":"no-sidebar","site-content-layout":"","ast-site-content-layout":"full-width-container","site-content-style":"default","site-sidebar-style":"default","ast-global-header-display":"","ast-banner-title-visibility":"","ast-main-header-display":"","ast-hfb-above-header-display":"","ast-hfb-below-header-display":"","ast-hfb-mobile-header-display":"","site-post-title":"disabled","ast-breadcrumbs-content":"","ast-featured-img":"disabled","footer-sml-layout":"","theme-transparent-header-meta":"","adv-header-id-meta":"","stick-header-meta":"","header-above-stick-meta":"","header-main-stick-meta":"","header-below-stick-meta":"","astra-migrate-meta-layouts":"default","ast-page-background-enabled":"default","ast-page-background-meta":{"desktop":{"background-color":"var(--ast-global-color-5)","background-image":"","background-repeat":"repeat","background-position":"center center","background-size":"auto","background-attachment":"scroll","background-type":"","background-media":"","overlay-type":"","overlay-color":"","overlay-opacity":"","overlay-gradient":""},"tablet":{"background-color":"","background-image":"","background-repeat":"repeat","background-position":"center center","background-size":"auto","background-attachment":"scroll","background-type":"","background-media":"","overlay-type":"","overlay-color":"","overlay-opacity":"","overlay-gradient":""},"mobile":{"background-color":"","background-image":"","background-repeat":"repeat","background-position":"center center","background-size":"auto","background-attachment":"scroll","background-type":"","background-media":"","overlay-type":"","overlay-color":"","overlay-opacity":"","overlay-gradient":""}},"ast-content-background-meta":{"desktop":{"background-color":"var(--ast-global-color-4)","background-image":"","background-repeat":"repeat","background-position":"center center","background-size":"auto","background-attachment":"scroll","background-type":"","background-media":"","overlay-type":"","overlay-color":"","overlay-opacity":"","overlay-gradient":""},"tablet":{"background-color":"var(--ast-global-color-4)","background-image":"","background-repeat":"repeat","background-position":"center center","background-size":"auto","background-attachment":"scroll","background-type":"","background-media":"","overlay-type":"","overlay-color":"","overlay-opacity":"","overlay-gradient":""},"mobile":{"background-color":"var(--ast-global-color-4)","background-image":"","background-repeat":"repeat","background-position":"center center","background-size":"auto","background-attachment":"scroll","background-type":"","background-media":"","overlay-type":"","overlay-color":"","overlay-opacity":"","overlay-gradient":""}},"footnotes":""},"class_list":["post-52","page","type-page","status-publish","hentry"],"_links":{"self":[{"href":"https:\/\/handdo.com.br\/aluno2\/wp-json\/wp\/v2\/pages\/52","targetHints":{"allow":["GET"]}}],"collection":[{"href":"https:\/\/handdo.com.br\/aluno2\/wp-json\/wp\/v2\/pages"}],"about":[{"href":"https:\/\/handdo.com.br\/aluno2\/wp-json\/wp\/v2\/types\/page"}],"author":[{"embeddable":true,"href":"https:\/\/handdo.com.br\/aluno2\/wp-json\/wp\/v2\/users\/3"}],"replies":[{"embeddable":true,"href":"https:\/\/handdo.com.br\/aluno2\/wp-json\/wp\/v2\/comments?post=52"}],"version-history":[{"count":164,"href":"https:\/\/handdo.com.br\/aluno2\/wp-json\/wp\/v2\/pages\/52\/revisions"}],"predecessor-version":[{"id":544,"href":"https:\/\/handdo.com.br\/aluno2\/wp-json\/wp\/v2\/pages\/52\/revisions\/544"}],"wp:attachment":[{"href":"https:\/\/handdo.com.br\/aluno2\/wp-json\/wp\/v2\/media?parent=52"}],"curies":[{"name":"wp","href":"https:\/\/api.w.org\/{rel}","templated":true}]}}