{"id":147,"date":"2025-12-04T12:33:41","date_gmt":"2025-12-04T12:33:41","guid":{"rendered":"https:\/\/autentikka.online\/aluno2\/?page_id=147"},"modified":"2026-02-10T18:13:01","modified_gmt":"2026-02-10T18:13:01","slug":"petisco","status":"publish","type":"page","link":"https:\/\/handdo.com.br\/aluno2\/petisco\/","title":{"rendered":"Petisco"},"content":{"rendered":"\t\t<div data-elementor-type=\"wp-page\" data-elementor-id=\"147\" class=\"elementor elementor-147\">\n\t\t\t\t<div class=\"elementor-element elementor-element-b547e60 e-flex e-con-boxed e-con e-parent\" data-id=\"b547e60\" data-element_type=\"container\">\n\t\t\t\t\t<div class=\"e-con-inner\">\n\t\t\t\t<div class=\"elementor-element elementor-element-eb08bd5 elementor-widget elementor-widget-image\" data-id=\"eb08bd5\" data-element_type=\"widget\" data-widget_type=\"image.default\">\n\t\t\t\t\t\t\t\t\t\t\t\t\t\t\t<img fetchpriority=\"high\" decoding=\"async\" width=\"1024\" height=\"488\" src=\"https:\/\/handdo.com.br\/aluno2\/wp-content\/uploads\/2025\/12\/banner-1024x488.jpg\" class=\"attachment-large size-large wp-image-163\" alt=\"\" srcset=\"https:\/\/handdo.com.br\/aluno2\/wp-content\/uploads\/2025\/12\/banner-1024x488.jpg 1024w, https:\/\/handdo.com.br\/aluno2\/wp-content\/uploads\/2025\/12\/banner-300x143.jpg 300w, https:\/\/handdo.com.br\/aluno2\/wp-content\/uploads\/2025\/12\/banner-768x366.jpg 768w, https:\/\/handdo.com.br\/aluno2\/wp-content\/uploads\/2025\/12\/banner-1536x732.jpg 1536w, https:\/\/handdo.com.br\/aluno2\/wp-content\/uploads\/2025\/12\/banner-600x286.jpg 600w, https:\/\/handdo.com.br\/aluno2\/wp-content\/uploads\/2025\/12\/banner.jpg 1700w\" sizes=\"(max-width: 1024px) 100vw, 1024px\" \/>\t\t\t\t\t\t\t\t\t\t\t\t\t\t\t<\/div>\n\t\t\t\t\t<\/div>\n\t\t\t\t<\/div>\n\t\t<div class=\"elementor-element elementor-element-2dce21e e-flex e-con-boxed e-con e-parent\" data-id=\"2dce21e\" data-element_type=\"container\">\n\t\t\t\t\t<div class=\"e-con-inner\">\n\t\t<div class=\"elementor-element elementor-element-0154c6f e-con-full e-flex e-con e-child\" data-id=\"0154c6f\" data-element_type=\"container\">\n\t\t\t\t<div class=\"elementor-element elementor-element-eec06f3 elementor-widget elementor-widget-heading\" data-id=\"eec06f3\" data-element_type=\"widget\" data-widget_type=\"heading.default\">\n\t\t\t\t\t<h2 class=\"elementor-heading-title elementor-size-default\">Para que serve os petiscos<\/h2>\t\t\t\t<\/div>\n\t\t\t\t<div class=\"elementor-element elementor-element-8688c75 elementor-widget elementor-widget-text-editor\" data-id=\"8688c75\" data-element_type=\"widget\" data-widget_type=\"text-editor.default\">\n\t\t\t\t\t\t\t\t\t<p>O petisco para gatos serve como uma forma de recompensa e carinho, ajudando a fortalecer a rela\u00e7\u00e3o entre o tutor e o animal.<br data-start=\"124\" data-end=\"127\" \/>Ele tamb\u00e9m pode ser usado para estimular bons comportamentos e facilitar o adestramento.<br data-start=\"215\" data-end=\"218\" \/>Alguns petiscos possuem benef\u00edcios para a sa\u00fade, como ajudar na limpeza dos dentes ou na digest\u00e3o.<br data-start=\"316\" data-end=\"319\" \/>Al\u00e9m disso, s\u00e3o \u00fateis para incentivar o gato a tomar rem\u00e9dios.<br data-start=\"381\" data-end=\"384\" \/>Devem ser oferecidos com modera\u00e7\u00e3o, sem substituir a alimenta\u00e7\u00e3o principal.<\/p>\t\t\t\t\t\t\t\t<\/div>\n\t\t\t\t<\/div>\n\t\t<div class=\"elementor-element elementor-element-e3daa68 e-con-full e-flex e-con e-child\" data-id=\"e3daa68\" data-element_type=\"container\">\n\t\t\t\t<div class=\"elementor-element elementor-element-b9eb85f elementor-widget elementor-widget-image\" data-id=\"b9eb85f\" data-element_type=\"widget\" data-widget_type=\"image.default\">\n\t\t\t\t\t\t\t\t\t\t\t\t\t\t\t<img decoding=\"async\" width=\"1920\" height=\"700\" src=\"https:\/\/handdo.com.br\/aluno2\/wp-content\/uploads\/2025\/12\/sache-para-gatos-desktop.avif\" class=\"attachment-full size-full wp-image-183\" alt=\"\" srcset=\"https:\/\/handdo.com.br\/aluno2\/wp-content\/uploads\/2025\/12\/sache-para-gatos-desktop.avif 1920w, https:\/\/handdo.com.br\/aluno2\/wp-content\/uploads\/2025\/12\/sache-para-gatos-desktop-300x109.avif 300w, https:\/\/handdo.com.br\/aluno2\/wp-content\/uploads\/2025\/12\/sache-para-gatos-desktop-1024x373.avif 1024w, https:\/\/handdo.com.br\/aluno2\/wp-content\/uploads\/2025\/12\/sache-para-gatos-desktop-768x280.avif 768w, https:\/\/handdo.com.br\/aluno2\/wp-content\/uploads\/2025\/12\/sache-para-gatos-desktop-1536x560.avif 1536w, https:\/\/handdo.com.br\/aluno2\/wp-content\/uploads\/2025\/12\/sache-para-gatos-desktop-600x219.avif 600w\" sizes=\"(max-width: 1920px) 100vw, 1920px\" \/>\t\t\t\t\t\t\t\t\t\t\t\t\t\t\t<\/div>\n\t\t\t\t<\/div>\n\t\t\t\t\t<\/div>\n\t\t\t\t<\/div>\n\t\t<div class=\"elementor-element elementor-element-2adc9d6 e-flex e-con-boxed e-con e-parent\" data-id=\"2adc9d6\" data-element_type=\"container\">\n\t\t\t\t\t<div class=\"e-con-inner\">\n\t\t<div class=\"elementor-element elementor-element-404eab6 e-con-full e-flex e-con e-child\" data-id=\"404eab6\" data-element_type=\"container\">\n\t\t\t\t<div class=\"elementor-element elementor-element-50c56ba elementor-widget elementor-widget-heading\" data-id=\"50c56ba\" data-element_type=\"widget\" data-widget_type=\"heading.default\">\n\t\t\t\t\t<h2 class=\"elementor-heading-title elementor-size-default\"> Petisco Total CatLicious Snacks Hairball<\/h2>\t\t\t\t<\/div>\n\t\t\t\t<div class=\"elementor-element elementor-element-69691d1 elementor-widget elementor-widget-text-editor\" data-id=\"69691d1\" data-element_type=\"widget\" data-widget_type=\"text-editor.default\">\n\t\t\t\t\t\t\t\t\t<p>Super saboroso;<br \/>Ajuda na elimina\u00e7\u00e3o das bolas de pelo;<br \/>Pode ser oferecido como um mimo;<br \/>Com Transg\u00eanico.<\/p>\t\t\t\t\t\t\t\t<\/div>\n\t\t\t\t<div class=\"elementor-element elementor-element-becb17b elementor-widget elementor-widget-text-editor\" data-id=\"becb17b\" data-element_type=\"widget\" data-widget_type=\"text-editor.default\">\n\t\t\t\t\t\t\t\t\t<p>R$ 2,50<\/p>\t\t\t\t\t\t\t\t<\/div>\n\t\t\t\t<\/div>\n\t\t<div class=\"elementor-element elementor-element-e0963e4 e-con-full e-flex e-con e-child\" data-id=\"e0963e4\" data-element_type=\"container\">\n\t\t\t\t<div class=\"elementor-element elementor-element-3c6d7de elementor-widget elementor-widget-image\" data-id=\"3c6d7de\" data-element_type=\"widget\" data-widget_type=\"image.default\">\n\t\t\t\t\t\t\t\t\t\t\t\t\t\t\t<img decoding=\"async\" width=\"552\" height=\"673\" src=\"https:\/\/handdo.com.br\/aluno2\/wp-content\/uploads\/2025\/11\/racao_1.png\" class=\"attachment-large size-large wp-image-64\" alt=\"\" srcset=\"https:\/\/handdo.com.br\/aluno2\/wp-content\/uploads\/2025\/11\/racao_1.png 552w, https:\/\/handdo.com.br\/aluno2\/wp-content\/uploads\/2025\/11\/racao_1-246x300.png 246w\" sizes=\"(max-width: 552px) 100vw, 552px\" \/>\t\t\t\t\t\t\t\t\t\t\t\t\t\t\t<\/div>\n\t\t\t\t<\/div>\n\t\t<div class=\"elementor-element elementor-element-e933650 e-con-full e-flex e-con e-child\" data-id=\"e933650\" data-element_type=\"container\">\n\t\t\t\t<div class=\"elementor-element elementor-element-75fabda elementor-widget elementor-widget-heading\" data-id=\"75fabda\" data-element_type=\"widget\" data-widget_type=\"heading.default\">\n\t\t\t\t\t<h2 class=\"elementor-heading-title elementor-size-default\">Petisco Total CatLicious Snacks Hairball<\/h2>\t\t\t\t<\/div>\n\t\t\t\t<div class=\"elementor-element elementor-element-9442f37 elementor-widget elementor-widget-text-editor\" data-id=\"9442f37\" data-element_type=\"widget\" data-widget_type=\"text-editor.default\">\n\t\t\t\t\t\t\t\t\t<p>Super saboroso;<br \/>Ajuda na elimina\u00e7\u00e3o das bolas de pelo;<br \/>Pode ser oferecido como um mimo;<br \/>Com Transg\u00eanico.<\/p>\t\t\t\t\t\t\t\t<\/div>\n\t\t\t\t<div class=\"elementor-element elementor-element-70c77c5 elementor-widget elementor-widget-text-editor\" data-id=\"70c77c5\" data-element_type=\"widget\" data-widget_type=\"text-editor.default\">\n\t\t\t\t\t\t\t\t\t<p>R$ 2,50<\/p>\t\t\t\t\t\t\t\t<\/div>\n\t\t\t\t<\/div>\n\t\t<div class=\"elementor-element elementor-element-cf7d399 e-con-full e-flex e-con e-child\" data-id=\"cf7d399\" data-element_type=\"container\">\n\t\t\t\t<div class=\"elementor-element elementor-element-79f9701 elementor-widget elementor-widget-image\" data-id=\"79f9701\" data-element_type=\"widget\" data-widget_type=\"image.default\">\n\t\t\t\t\t\t\t\t\t\t\t\t\t\t\t<img decoding=\"async\" width=\"552\" height=\"673\" src=\"https:\/\/handdo.com.br\/aluno2\/wp-content\/uploads\/2025\/11\/racao_1.png\" class=\"attachment-large size-large wp-image-64\" alt=\"\" srcset=\"https:\/\/handdo.com.br\/aluno2\/wp-content\/uploads\/2025\/11\/racao_1.png 552w, https:\/\/handdo.com.br\/aluno2\/wp-content\/uploads\/2025\/11\/racao_1-246x300.png 246w\" sizes=\"(max-width: 552px) 100vw, 552px\" \/>\t\t\t\t\t\t\t\t\t\t\t\t\t\t\t<\/div>\n\t\t\t\t<\/div>\n\t\t\t\t\t<\/div>\n\t\t\t\t<\/div>\n\t\t\t\t<\/div>\n\t\t","protected":false},"excerpt":{"rendered":"<p>Para que serve os petiscos O petisco para gatos serve como uma forma de recompensa e carinho, ajudando a fortalecer [&hellip;]<\/p>\n","protected":false},"author":3,"featured_media":0,"parent":0,"menu_order":0,"comment_status":"closed","ping_status":"closed","template":"","meta":{"site-sidebar-layout":"no-sidebar","site-content-layout":"","ast-site-content-layout":"full-width-container","site-content-style":"default","site-sidebar-style":"default","ast-global-header-display":"","ast-banner-title-visibility":"","ast-main-header-display":"","ast-hfb-above-header-display":"","ast-hfb-below-header-display":"","ast-hfb-mobile-header-display":"","site-post-title":"disabled","ast-breadcrumbs-content":"","ast-featured-img":"disabled","footer-sml-layout":"","theme-transparent-header-meta":"","adv-header-id-meta":"","stick-header-meta":"","header-above-stick-meta":"","header-main-stick-meta":"","header-below-stick-meta":"","astra-migrate-meta-layouts":"default","ast-page-background-enabled":"default","ast-page-background-meta":{"desktop":{"background-color":"var(--ast-global-color-5)","background-image":"","background-repeat":"repeat","background-position":"center center","background-size":"auto","background-attachment":"scroll","background-type":"","background-media":"","overlay-type":"","overlay-color":"","overlay-opacity":"","overlay-gradient":""},"tablet":{"background-color":"","background-image":"","background-repeat":"repeat","background-position":"center center","background-size":"auto","background-attachment":"scroll","background-type":"","background-media":"","overlay-type":"","overlay-color":"","overlay-opacity":"","overlay-gradient":""},"mobile":{"background-color":"","background-image":"","background-repeat":"repeat","background-position":"center center","background-size":"auto","background-attachment":"scroll","background-type":"","background-media":"","overlay-type":"","overlay-color":"","overlay-opacity":"","overlay-gradient":""}},"ast-content-background-meta":{"desktop":{"background-color":"var(--ast-global-color-4)","background-image":"","background-repeat":"repeat","background-position":"center center","background-size":"auto","background-attachment":"scroll","background-type":"","background-media":"","overlay-type":"","overlay-color":"","overlay-opacity":"","overlay-gradient":""},"tablet":{"background-color":"var(--ast-global-color-4)","background-image":"","background-repeat":"repeat","background-position":"center center","background-size":"auto","background-attachment":"scroll","background-type":"","background-media":"","overlay-type":"","overlay-color":"","overlay-opacity":"","overlay-gradient":""},"mobile":{"background-color":"var(--ast-global-color-4)","background-image":"","background-repeat":"repeat","background-position":"center center","background-size":"auto","background-attachment":"scroll","background-type":"","background-media":"","overlay-type":"","overlay-color":"","overlay-opacity":"","overlay-gradient":""}},"footnotes":""},"class_list":["post-147","page","type-page","status-publish","hentry"],"_links":{"self":[{"href":"https:\/\/handdo.com.br\/aluno2\/wp-json\/wp\/v2\/pages\/147","targetHints":{"allow":["GET"]}}],"collection":[{"href":"https:\/\/handdo.com.br\/aluno2\/wp-json\/wp\/v2\/pages"}],"about":[{"href":"https:\/\/handdo.com.br\/aluno2\/wp-json\/wp\/v2\/types\/page"}],"author":[{"embeddable":true,"href":"https:\/\/handdo.com.br\/aluno2\/wp-json\/wp\/v2\/users\/3"}],"replies":[{"embeddable":true,"href":"https:\/\/handdo.com.br\/aluno2\/wp-json\/wp\/v2\/comments?post=147"}],"version-history":[{"count":32,"href":"https:\/\/handdo.com.br\/aluno2\/wp-json\/wp\/v2\/pages\/147\/revisions"}],"predecessor-version":[{"id":521,"href":"https:\/\/handdo.com.br\/aluno2\/wp-json\/wp\/v2\/pages\/147\/revisions\/521"}],"wp:attachment":[{"href":"https:\/\/handdo.com.br\/aluno2\/wp-json\/wp\/v2\/media?parent=147"}],"curies":[{"name":"wp","href":"https:\/\/api.w.org\/{rel}","templated":true}]}}