{"id":145,"date":"2025-12-04T12:32:58","date_gmt":"2025-12-04T12:32:58","guid":{"rendered":"https:\/\/autentikka.online\/aluno2\/?page_id=145"},"modified":"2026-02-10T18:01:44","modified_gmt":"2026-02-10T18:01:44","slug":"farmacia","status":"publish","type":"page","link":"https:\/\/handdo.com.br\/aluno2\/farmacia\/","title":{"rendered":"Farmacia"},"content":{"rendered":"\t\t<div data-elementor-type=\"wp-page\" data-elementor-id=\"145\" class=\"elementor elementor-145\">\n\t\t\t\t<div class=\"elementor-element elementor-element-5b4dd35 e-con-full e-flex e-con e-parent\" data-id=\"5b4dd35\" data-element_type=\"container\">\n\t\t\t\t<div class=\"elementor-element elementor-element-dd634fb elementor-widget elementor-widget-image\" data-id=\"dd634fb\" data-element_type=\"widget\" data-widget_type=\"image.default\">\n\t\t\t\t\t\t\t\t\t\t\t\t\t\t\t<img decoding=\"async\" src=\"https:\/\/handdo.com.br\/aluno2\/wp-content\/uploads\/2025\/12\/bannerFarma.jpg\" title=\"bannerFarma\" alt=\"bannerFarma\" loading=\"lazy\" \/>\t\t\t\t\t\t\t\t\t\t\t\t\t\t\t<\/div>\n\t\t\t\t<div class=\"elementor-element elementor-element-e7f97fe elementor-widget elementor-widget-heading\" data-id=\"e7f97fe\" data-element_type=\"widget\" data-widget_type=\"heading.default\">\n\t\t\t\t\t<h2 class=\"elementor-heading-title elementor-size-default\">Higiene do seu filhote<\/h2>\t\t\t\t<\/div>\n\t\t\t\t<\/div>\n\t\t<div class=\"elementor-element elementor-element-b56fef3 e-con-full e-flex e-con e-parent\" data-id=\"b56fef3\" data-element_type=\"container\">\n\t\t<div class=\"elementor-element elementor-element-61ae005 e-con-full e-flex e-con e-child\" data-id=\"61ae005\" data-element_type=\"container\">\n\t\t\t\t<div class=\"elementor-element elementor-element-791cd59 elementor-widget elementor-widget-heading\" data-id=\"791cd59\" data-element_type=\"widget\" data-widget_type=\"heading.default\">\n\t\t\t\t\t<h2 class=\"elementor-heading-title elementor-size-default\">Antipulgas Combo Advocate<\/h2>\t\t\t\t<\/div>\n\t\t\t\t<div class=\"elementor-element elementor-element-07704db elementor-widget elementor-widget-image\" data-id=\"07704db\" data-element_type=\"widget\" data-widget_type=\"image.default\">\n\t\t\t\t\t\t\t\t\t\t\t\t\t\t\t<img decoding=\"async\" src=\"https:\/\/handdo.com.br\/aluno2\/wp-content\/uploads\/2025\/12\/farma02.jpg\" title=\"farma02\" alt=\"farma02\" loading=\"lazy\" \/>\t\t\t\t\t\t\t\t\t\t\t\t\t\t\t<\/div>\n\t\t\t\t<div class=\"elementor-element elementor-element-c67fd30 elementor-widget elementor-widget-text-editor\" data-id=\"c67fd30\" data-element_type=\"widget\" data-widget_type=\"text-editor.default\">\n\t\t\t\t\t\t\t\t\t<p>Aplica\u00e7\u00e3o pr\u00e1tica;<br \/>Previne a Dirofilariose;<\/p>\t\t\t\t\t\t\t\t<\/div>\n\t\t\t\t<div class=\"elementor-element elementor-element-9ba49b0 elementor-widget elementor-widget-text-editor\" data-id=\"9ba49b0\" data-element_type=\"widget\" data-widget_type=\"text-editor.default\">\n\t\t\t\t\t\t\t\t\t<p>190,99<\/p>\t\t\t\t\t\t\t\t<\/div>\n\t\t\t\t<\/div>\n\t\t<div class=\"elementor-element elementor-element-d19357b e-con-full e-flex e-con e-child\" data-id=\"d19357b\" data-element_type=\"container\">\n\t\t\t\t<div class=\"elementor-element elementor-element-9fa2819 elementor-widget elementor-widget-heading\" data-id=\"9fa2819\" data-element_type=\"widget\" data-widget_type=\"heading.default\">\n\t\t\t\t\t<h2 class=\"elementor-heading-title elementor-size-default\">Antipulgas e Carrapatos<\/h2>\t\t\t\t<\/div>\n\t\t\t\t<div class=\"elementor-element elementor-element-212ad58 elementor-widget elementor-widget-image\" data-id=\"212ad58\" data-element_type=\"widget\" data-widget_type=\"image.default\">\n\t\t\t\t\t\t\t\t\t\t\t\t\t\t\t<img decoding=\"async\" src=\"https:\/\/handdo.com.br\/aluno2\/wp-content\/uploads\/2025\/12\/farma01.jpg\" title=\"farma01\" alt=\"farma01\" loading=\"lazy\" \/>\t\t\t\t\t\t\t\t\t\t\t\t\t\t\t<\/div>\n\t\t\t\t<div class=\"elementor-element elementor-element-aedf070 elementor-widget elementor-widget-text-editor\" data-id=\"aedf070\" data-element_type=\"widget\" data-widget_type=\"text-editor.default\">\n\t\t\t\t\t\t\t\t\t<p>Uso t\u00f3pico, pipeta de f\u00e1cil aplica\u00e7\u00e3o;<br \/>Pode ser aplicado em gatas prenhes e em lacta\u00e7\u00e3o;<\/p>\t\t\t\t\t\t\t\t<\/div>\n\t\t\t\t<div class=\"elementor-element elementor-element-23eb3a0 elementor-widget elementor-widget-text-editor\" data-id=\"23eb3a0\" data-element_type=\"widget\" data-widget_type=\"text-editor.default\">\n\t\t\t\t\t\t\t\t\t<p>99,99<\/p>\t\t\t\t\t\t\t\t<\/div>\n\t\t\t\t<\/div>\n\t\t\t\t<\/div>\n\t\t\t\t<\/div>\n\t\t","protected":false},"excerpt":{"rendered":"<p>Higiene do seu filhote Antipulgas Combo Advocate Aplica\u00e7\u00e3o pr\u00e1tica;Previne a Dirofilariose; 190,99 Antipulgas e Carrapatos Uso t\u00f3pico, pipeta de f\u00e1cil [&hellip;]<\/p>\n","protected":false},"author":3,"featured_media":0,"parent":0,"menu_order":0,"comment_status":"closed","ping_status":"closed","template":"","meta":{"site-sidebar-layout":"no-sidebar","site-content-layout":"","ast-site-content-layout":"full-width-container","site-content-style":"default","site-sidebar-style":"default","ast-global-header-display":"","ast-banner-title-visibility":"","ast-main-header-display":"","ast-hfb-above-header-display":"","ast-hfb-below-header-display":"","ast-hfb-mobile-header-display":"","site-post-title":"disabled","ast-breadcrumbs-content":"","ast-featured-img":"disabled","footer-sml-layout":"","theme-transparent-header-meta":"","adv-header-id-meta":"","stick-header-meta":"","header-above-stick-meta":"","header-main-stick-meta":"","header-below-stick-meta":"","astra-migrate-meta-layouts":"default","ast-page-background-enabled":"default","ast-page-background-meta":{"desktop":{"background-color":"var(--ast-global-color-5)","background-image":"","background-repeat":"repeat","background-position":"center center","background-size":"auto","background-attachment":"scroll","background-type":"","background-media":"","overlay-type":"","overlay-color":"","overlay-opacity":"","overlay-gradient":""},"tablet":{"background-color":"","background-image":"","background-repeat":"repeat","background-position":"center center","background-size":"auto","background-attachment":"scroll","background-type":"","background-media":"","overlay-type":"","overlay-color":"","overlay-opacity":"","overlay-gradient":""},"mobile":{"background-color":"","background-image":"","background-repeat":"repeat","background-position":"center center","background-size":"auto","background-attachment":"scroll","background-type":"","background-media":"","overlay-type":"","overlay-color":"","overlay-opacity":"","overlay-gradient":""}},"ast-content-background-meta":{"desktop":{"background-color":"var(--ast-global-color-4)","background-image":"","background-repeat":"repeat","background-position":"center center","background-size":"auto","background-attachment":"scroll","background-type":"","background-media":"","overlay-type":"","overlay-color":"","overlay-opacity":"","overlay-gradient":""},"tablet":{"background-color":"var(--ast-global-color-4)","background-image":"","background-repeat":"repeat","background-position":"center center","background-size":"auto","background-attachment":"scroll","background-type":"","background-media":"","overlay-type":"","overlay-color":"","overlay-opacity":"","overlay-gradient":""},"mobile":{"background-color":"var(--ast-global-color-4)","background-image":"","background-repeat":"repeat","background-position":"center center","background-size":"auto","background-attachment":"scroll","background-type":"","background-media":"","overlay-type":"","overlay-color":"","overlay-opacity":"","overlay-gradient":""}},"footnotes":""},"class_list":["post-145","page","type-page","status-publish","hentry"],"_links":{"self":[{"href":"https:\/\/handdo.com.br\/aluno2\/wp-json\/wp\/v2\/pages\/145","targetHints":{"allow":["GET"]}}],"collection":[{"href":"https:\/\/handdo.com.br\/aluno2\/wp-json\/wp\/v2\/pages"}],"about":[{"href":"https:\/\/handdo.com.br\/aluno2\/wp-json\/wp\/v2\/types\/page"}],"author":[{"embeddable":true,"href":"https:\/\/handdo.com.br\/aluno2\/wp-json\/wp\/v2\/users\/3"}],"replies":[{"embeddable":true,"href":"https:\/\/handdo.com.br\/aluno2\/wp-json\/wp\/v2\/comments?post=145"}],"version-history":[{"count":61,"href":"https:\/\/handdo.com.br\/aluno2\/wp-json\/wp\/v2\/pages\/145\/revisions"}],"predecessor-version":[{"id":503,"href":"https:\/\/handdo.com.br\/aluno2\/wp-json\/wp\/v2\/pages\/145\/revisions\/503"}],"wp:attachment":[{"href":"https:\/\/handdo.com.br\/aluno2\/wp-json\/wp\/v2\/media?parent=145"}],"curies":[{"name":"wp","href":"https:\/\/api.w.org\/{rel}","templated":true}]}}