{"id":127,"date":"2025-12-02T12:24:34","date_gmt":"2025-12-02T12:24:34","guid":{"rendered":"https:\/\/autentikka.online\/aluno2\/?page_id=127"},"modified":"2026-02-10T17:40:48","modified_gmt":"2026-02-10T17:40:48","slug":"elementor-127","status":"publish","type":"page","link":"https:\/\/handdo.com.br\/aluno2\/elementor-127\/","title":{"rendered":"Rac\u00f5es"},"content":{"rendered":"\t\t<div data-elementor-type=\"wp-page\" data-elementor-id=\"127\" class=\"elementor elementor-127\">\n\t\t\t\t<div class=\"elementor-element elementor-element-0198251 e-flex e-con-boxed e-con e-parent\" data-id=\"0198251\" data-element_type=\"container\" data-settings=\"{&quot;background_background&quot;:&quot;slideshow&quot;,&quot;background_slideshow_gallery&quot;:[{&quot;id&quot;:88,&quot;url&quot;:&quot;https:\\\/\\\/autentikka.online\\\/aluno2\\\/wp-content\\\/uploads\\\/2025\\\/11\\\/bannerRacao.jpg&quot;}],&quot;background_slideshow_loop&quot;:&quot;yes&quot;,&quot;background_slideshow_slide_duration&quot;:5000,&quot;background_slideshow_slide_transition&quot;:&quot;fade&quot;,&quot;background_slideshow_transition_duration&quot;:500}\">\n\t\t\t\t\t<div class=\"e-con-inner\">\n\t\t<div class=\"elementor-element elementor-element-f3cd202 e-con-full e-flex e-con e-child\" data-id=\"f3cd202\" data-element_type=\"container\">\n\t\t\t\t<div class=\"elementor-element elementor-element-0d9c174 elementor-widget elementor-widget-heading\" data-id=\"0d9c174\" data-element_type=\"widget\" data-widget_type=\"heading.default\">\n\t\t\t\t\t<h1 class=\"elementor-heading-title elementor-size-default\">Ra\u00e7\u00f5es<\/h1>\t\t\t\t<\/div>\n\t\t\t\t<div class=\"elementor-element elementor-element-d0a2200 elementor-widget elementor-widget-image\" data-id=\"d0a2200\" data-element_type=\"widget\" data-widget_type=\"image.default\">\n\t\t\t\t\t\t\t\t\t\t\t\t\t\t\t<img decoding=\"async\" src=\"https:\/\/handdo.com.br\/aluno2\/wp-content\/uploads\/2025\/12\/bannerRacao.jpg\" title=\"bannerRacao\" alt=\"bannerRacao\" loading=\"lazy\" \/>\t\t\t\t\t\t\t\t\t\t\t\t\t\t\t<\/div>\n\t\t\t\t<\/div>\n\t\t\t\t\t<\/div>\n\t\t\t\t<\/div>\n\t\t<div class=\"elementor-element elementor-element-8b95005 e-flex e-con-boxed e-con e-parent\" data-id=\"8b95005\" data-element_type=\"container\">\n\t\t\t\t\t<div class=\"e-con-inner\">\n\t\t<div class=\"elementor-element elementor-element-fbd8eec e-con-full e-flex e-con e-child\" data-id=\"fbd8eec\" data-element_type=\"container\">\n\t\t\t\t<div class=\"elementor-element elementor-element-6a04862 elementor-widget elementor-widget-text-editor\" data-id=\"6a04862\" data-element_type=\"widget\" data-widget_type=\"text-editor.default\">\n\t\t\t\t\t\t\t\t\t<p>A base da alimeta\u00e7\u00e3o dos gatos<\/p>\t\t\t\t\t\t\t\t<\/div>\n\t\t\t\t<div class=\"elementor-element elementor-element-bfcc600 elementor-widget elementor-widget-text-editor\" data-id=\"bfcc600\" data-element_type=\"widget\" data-widget_type=\"text-editor.default\">\n\t\t\t\t\t\t\t\t\t<p>Os gatos t\u00eam necessidades espec\u00edficas para nutrientes de sua dieta. S\u00e3o carn\u00edvoros e dependem dos nutrientes que est\u00e3o presentes na carne.<\/p><p>Os gatos t\u00eam necessidades espec\u00edficas para nutrientes de sua dieta. S\u00e3o carn\u00edvoros e dependem dos nutrientes que est\u00e3o presentes na carne.<\/p><p>Os gatos t\u00eam necessidades espec\u00edficas para nutrientes de sua dieta. S\u00e3o carn\u00edvoros e dependem dos nutrientes que est\u00e3o presentes na carne.<\/p>\t\t\t\t\t\t\t\t<\/div>\n\t\t\t\t<div class=\"elementor-element elementor-element-ac763ac elementor-widget elementor-widget-heading\" data-id=\"ac763ac\" data-element_type=\"widget\" data-widget_type=\"heading.default\">\n\t\t\t\t\t<h2 class=\"elementor-heading-title elementor-size-default\">Ra\u00e7\u00f5es<\/h2>\t\t\t\t<\/div>\n\t\t\t\t<\/div>\n\t\t<div class=\"elementor-element elementor-element-9c4bead e-con-full e-flex e-con e-child\" data-id=\"9c4bead\" data-element_type=\"container\">\n\t\t\t\t<div class=\"elementor-element elementor-element-84602a4 elementor-widget elementor-widget-image\" data-id=\"84602a4\" data-element_type=\"widget\" data-widget_type=\"image.default\">\n\t\t\t\t\t\t\t\t\t\t\t\t\t\t\t<img fetchpriority=\"high\" decoding=\"async\" width=\"702\" height=\"395\" src=\"https:\/\/handdo.com.br\/aluno2\/wp-content\/uploads\/2025\/12\/img_01.jpg\" class=\"attachment-large size-large wp-image-164\" alt=\"\" srcset=\"https:\/\/handdo.com.br\/aluno2\/wp-content\/uploads\/2025\/12\/img_01.jpg 702w, https:\/\/handdo.com.br\/aluno2\/wp-content\/uploads\/2025\/12\/img_01-300x169.jpg 300w, https:\/\/handdo.com.br\/aluno2\/wp-content\/uploads\/2025\/12\/img_01-600x338.jpg 600w\" sizes=\"(max-width: 702px) 100vw, 702px\" \/>\t\t\t\t\t\t\t\t\t\t\t\t\t\t\t<\/div>\n\t\t\t\t<\/div>\n\t\t\t\t\t<\/div>\n\t\t\t\t<\/div>\n\t\t<div class=\"elementor-element elementor-element-2e320d1 e-flex e-con-boxed e-con e-parent\" data-id=\"2e320d1\" data-element_type=\"container\">\n\t\t\t\t\t<div class=\"e-con-inner\">\n\t\t<div class=\"elementor-element elementor-element-3622749 e-con-full e-flex e-con e-child\" data-id=\"3622749\" data-element_type=\"container\">\n\t\t\t\t<div class=\"elementor-element elementor-element-247f3e7 elementor-widget elementor-widget-image\" data-id=\"247f3e7\" data-element_type=\"widget\" data-widget_type=\"image.default\">\n\t\t\t\t\t\t\t\t\t\t\t\t\t\t\t<img decoding=\"async\" width=\"552\" height=\"673\" src=\"https:\/\/handdo.com.br\/aluno2\/wp-content\/uploads\/2025\/11\/racao_1.png\" class=\"attachment-large size-large wp-image-64\" alt=\"\" srcset=\"https:\/\/handdo.com.br\/aluno2\/wp-content\/uploads\/2025\/11\/racao_1.png 552w, https:\/\/handdo.com.br\/aluno2\/wp-content\/uploads\/2025\/11\/racao_1-246x300.png 246w\" sizes=\"(max-width: 552px) 100vw, 552px\" \/>\t\t\t\t\t\t\t\t\t\t\t\t\t\t\t<\/div>\n\t\t\t\t<\/div>\n\t\t<div class=\"elementor-element elementor-element-8e96173 e-con-full e-flex e-con e-child\" data-id=\"8e96173\" data-element_type=\"container\">\n\t\t\t\t<div class=\"elementor-element elementor-element-2c7a675 elementor-widget elementor-widget-text-editor\" data-id=\"2c7a675\" data-element_type=\"widget\" data-widget_type=\"text-editor.default\">\n\t\t\t\t\t\t\t\t\t<p>Ra\u00e7\u00e3o \u00damida Pugato Sach\u00ea <br \/>Frango ao Molho para Gatos Adultos<\/p>\t\t\t\t\t\t\t\t<\/div>\n\t\t\t\t<div class=\"elementor-element elementor-element-717edfc elementor-widget elementor-widget-text-editor\" data-id=\"717edfc\" data-element_type=\"widget\" data-widget_type=\"text-editor.default\">\n\t\t\t\t\t\t\t\t\t<p>Refei\u00e7\u00e3o completa e balanceada;<br \/>Suculentos pedacinhos cozidos a vapor<\/p>\t\t\t\t\t\t\t\t<\/div>\n\t\t\t\t<div class=\"elementor-element elementor-element-3d44633 elementor-widget elementor-widget-text-editor\" data-id=\"3d44633\" data-element_type=\"widget\" data-widget_type=\"text-editor.default\">\n\t\t\t\t\t\t\t\t\t<p>R$ 2,50<\/p>\t\t\t\t\t\t\t\t<\/div>\n\t\t\t\t<\/div>\n\t\t<div class=\"elementor-element elementor-element-0aa869e e-con-full e-flex e-con e-child\" data-id=\"0aa869e\" data-element_type=\"container\">\n\t\t\t\t<div class=\"elementor-element elementor-element-35fc65f elementor-widget elementor-widget-image\" data-id=\"35fc65f\" data-element_type=\"widget\" data-widget_type=\"image.default\">\n\t\t\t\t\t\t\t\t\t\t\t\t\t\t\t<img decoding=\"async\" width=\"552\" height=\"673\" src=\"https:\/\/handdo.com.br\/aluno2\/wp-content\/uploads\/2025\/11\/racao_1.png\" class=\"attachment-large size-large wp-image-64\" alt=\"\" srcset=\"https:\/\/handdo.com.br\/aluno2\/wp-content\/uploads\/2025\/11\/racao_1.png 552w, https:\/\/handdo.com.br\/aluno2\/wp-content\/uploads\/2025\/11\/racao_1-246x300.png 246w\" sizes=\"(max-width: 552px) 100vw, 552px\" \/>\t\t\t\t\t\t\t\t\t\t\t\t\t\t\t<\/div>\n\t\t\t\t<\/div>\n\t\t<div class=\"elementor-element elementor-element-048184c e-con-full e-flex e-con e-child\" data-id=\"048184c\" data-element_type=\"container\">\n\t\t\t\t<div class=\"elementor-element elementor-element-15c4a1e elementor-widget elementor-widget-text-editor\" data-id=\"15c4a1e\" data-element_type=\"widget\" data-widget_type=\"text-editor.default\">\n\t\t\t\t\t\t\t\t\t<p>Ra\u00e7\u00e3o \u00damida Pugato Sach\u00ea <br \/>Frango ao Molho para Gatos Adultos<\/p>\t\t\t\t\t\t\t\t<\/div>\n\t\t\t\t<div class=\"elementor-element elementor-element-5fd06e6 elementor-widget elementor-widget-text-editor\" data-id=\"5fd06e6\" data-element_type=\"widget\" data-widget_type=\"text-editor.default\">\n\t\t\t\t\t\t\t\t\t<p>Refei\u00e7\u00e3o completa e balanceada;<br \/>Suculentos pedacinhos cozidos a vapor<\/p>\t\t\t\t\t\t\t\t<\/div>\n\t\t\t\t<div class=\"elementor-element elementor-element-e539078 elementor-widget elementor-widget-text-editor\" data-id=\"e539078\" data-element_type=\"widget\" data-widget_type=\"text-editor.default\">\n\t\t\t\t\t\t\t\t\t<p>R$ 2,50<\/p>\t\t\t\t\t\t\t\t<\/div>\n\t\t\t\t<\/div>\n\t\t\t\t\t<\/div>\n\t\t\t\t<\/div>\n\t\t<div class=\"elementor-element elementor-element-8bab994 e-flex e-con-boxed e-con e-parent\" data-id=\"8bab994\" data-element_type=\"container\">\n\t\t\t\t\t<div class=\"e-con-inner\">\n\t\t\t\t\t<\/div>\n\t\t\t\t<\/div>\n\t\t\t\t<\/div>\n\t\t","protected":false},"excerpt":{"rendered":"<p>Ra\u00e7\u00f5es A base da alimeta\u00e7\u00e3o dos gatos Os gatos t\u00eam necessidades espec\u00edficas para nutrientes de sua dieta. S\u00e3o carn\u00edvoros e [&hellip;]<\/p>\n","protected":false},"author":3,"featured_media":0,"parent":0,"menu_order":0,"comment_status":"closed","ping_status":"closed","template":"","meta":{"site-sidebar-layout":"no-sidebar","site-content-layout":"","ast-site-content-layout":"full-width-container","site-content-style":"default","site-sidebar-style":"default","ast-global-header-display":"","ast-banner-title-visibility":"","ast-main-header-display":"","ast-hfb-above-header-display":"","ast-hfb-below-header-display":"","ast-hfb-mobile-header-display":"","site-post-title":"disabled","ast-breadcrumbs-content":"","ast-featured-img":"disabled","footer-sml-layout":"","theme-transparent-header-meta":"","adv-header-id-meta":"","stick-header-meta":"","header-above-stick-meta":"","header-main-stick-meta":"","header-below-stick-meta":"","astra-migrate-meta-layouts":"default","ast-page-background-enabled":"default","ast-page-background-meta":{"desktop":{"background-color":"var(--ast-global-color-5)","background-image":"","background-repeat":"repeat","background-position":"center center","background-size":"auto","background-attachment":"scroll","background-type":"","background-media":"","overlay-type":"","overlay-color":"","overlay-opacity":"","overlay-gradient":""},"tablet":{"background-color":"","background-image":"","background-repeat":"repeat","background-position":"center center","background-size":"auto","background-attachment":"scroll","background-type":"","background-media":"","overlay-type":"","overlay-color":"","overlay-opacity":"","overlay-gradient":""},"mobile":{"background-color":"","background-image":"","background-repeat":"repeat","background-position":"center center","background-size":"auto","background-attachment":"scroll","background-type":"","background-media":"","overlay-type":"","overlay-color":"","overlay-opacity":"","overlay-gradient":""}},"ast-content-background-meta":{"desktop":{"background-color":"var(--ast-global-color-4)","background-image":"","background-repeat":"repeat","background-position":"center center","background-size":"auto","background-attachment":"scroll","background-type":"","background-media":"","overlay-type":"","overlay-color":"","overlay-opacity":"","overlay-gradient":""},"tablet":{"background-color":"var(--ast-global-color-4)","background-image":"","background-repeat":"repeat","background-position":"center center","background-size":"auto","background-attachment":"scroll","background-type":"","background-media":"","overlay-type":"","overlay-color":"","overlay-opacity":"","overlay-gradient":""},"mobile":{"background-color":"var(--ast-global-color-4)","background-image":"","background-repeat":"repeat","background-position":"center center","background-size":"auto","background-attachment":"scroll","background-type":"","background-media":"","overlay-type":"","overlay-color":"","overlay-opacity":"","overlay-gradient":""}},"footnotes":""},"class_list":["post-127","page","type-page","status-publish","hentry"],"_links":{"self":[{"href":"https:\/\/handdo.com.br\/aluno2\/wp-json\/wp\/v2\/pages\/127","targetHints":{"allow":["GET"]}}],"collection":[{"href":"https:\/\/handdo.com.br\/aluno2\/wp-json\/wp\/v2\/pages"}],"about":[{"href":"https:\/\/handdo.com.br\/aluno2\/wp-json\/wp\/v2\/types\/page"}],"author":[{"embeddable":true,"href":"https:\/\/handdo.com.br\/aluno2\/wp-json\/wp\/v2\/users\/3"}],"replies":[{"embeddable":true,"href":"https:\/\/handdo.com.br\/aluno2\/wp-json\/wp\/v2\/comments?post=127"}],"version-history":[{"count":27,"href":"https:\/\/handdo.com.br\/aluno2\/wp-json\/wp\/v2\/pages\/127\/revisions"}],"predecessor-version":[{"id":489,"href":"https:\/\/handdo.com.br\/aluno2\/wp-json\/wp\/v2\/pages\/127\/revisions\/489"}],"wp:attachment":[{"href":"https:\/\/handdo.com.br\/aluno2\/wp-json\/wp\/v2\/media?parent=127"}],"curies":[{"name":"wp","href":"https:\/\/api.w.org\/{rel}","templated":true}]}}